{"id":3614,"date":"2018-04-08T15:26:16","date_gmt":"2018-04-08T13:26:16","guid":{"rendered":"https:\/\/www.lasseolsson.com\/?page_id=3614"},"modified":"2021-09-26T15:25:25","modified_gmt":"2021-09-26T13:25:25","slug":"nyheter","status":"publish","type":"page","link":"https:\/\/www.lasseolsson.com\/sv\/nyheter\/","title":{"rendered":"Nyheter"},"content":{"rendered":"<p>H\u00e4r kan du l\u00e4sa mina nyhetsbrev eller visa f\u00f6r andra.<br \/>\nBreven kommer ut 4-6 g\u00e5nger per \u00e5r och presenterar fotograferade<br \/>\nprojekt.<\/p>\n","protected":false},"excerpt":{"rendered":"<p>H\u00e4r kan du l\u00e4sa mina nyhetsbrev eller visa f\u00f6r andra. Breven kommer ut 4-6 g\u00e5nger per \u00e5r och presenterar fotograferade projekt.<\/p>\n","protected":false},"author":4,"featured_media":0,"parent":0,"menu_order":0,"comment_status":"closed","ping_status":"closed","template":"single-newsletter.php","meta":{"_acf_changed":false,"footnotes":""},"class_list":["post-3614","page","type-page","status-publish","hentry"],"acf":[],"yoast_head":"<!-- This site is optimized with the Yoast SEO plugin v26.7 - https:\/\/yoast.com\/wordpress\/plugins\/seo\/ -->\n<title>Lasse Olsson photo - Nyheter<\/title>\n<meta name=\"robots\" content=\"index, follow, max-snippet:-1, max-image-preview:large, max-video-preview:-1\" \/>\n<link rel=\"canonical\" href=\"https:\/\/www.lasseolsson.com\/sv\/nyheter\/\" \/>\n<meta property=\"og:locale\" content=\"sv_SE\" \/>\n<meta property=\"og:type\" content=\"article\" \/>\n<meta property=\"og:title\" content=\"Lasse Olsson photo - Nyheter\" \/>\n<meta property=\"og:description\" content=\"H\u00e4r kan du l\u00e4sa mina nyhetsbrev eller visa f\u00f6r andra. Breven kommer ut 4-6 g\u00e5nger per \u00e5r och presenterar fotograferade projekt.\" \/>\n<meta property=\"og:url\" content=\"https:\/\/www.lasseolsson.com\/sv\/nyheter\/\" \/>\n<meta property=\"og:site_name\" content=\"Lasse Olsson photo\" \/>\n<meta property=\"article:modified_time\" content=\"2021-09-26T13:25:25+00:00\" \/>\n<meta name=\"twitter:card\" content=\"summary_large_image\" \/>\n<script type=\"application\/ld+json\" class=\"yoast-schema-graph\">{\"@context\":\"https:\/\/schema.org\",\"@graph\":[{\"@type\":\"WebPage\",\"@id\":\"https:\/\/www.lasseolsson.com\/sv\/nyheter\/\",\"url\":\"https:\/\/www.lasseolsson.com\/sv\/nyheter\/\",\"name\":\"Lasse Olsson photo - Nyheter\",\"isPartOf\":{\"@id\":\"https:\/\/www.lasseolsson.com\/sv\/#website\"},\"datePublished\":\"2018-04-08T13:26:16+00:00\",\"dateModified\":\"2021-09-26T13:25:25+00:00\",\"breadcrumb\":{\"@id\":\"https:\/\/www.lasseolsson.com\/sv\/nyheter\/#breadcrumb\"},\"inLanguage\":\"sv-SE\",\"potentialAction\":[{\"@type\":\"ReadAction\",\"target\":[\"https:\/\/www.lasseolsson.com\/sv\/nyheter\/\"]}]},{\"@type\":\"BreadcrumbList\",\"@id\":\"https:\/\/www.lasseolsson.com\/sv\/nyheter\/#breadcrumb\",\"itemListElement\":[{\"@type\":\"ListItem\",\"position\":1,\"name\":\"Home\",\"item\":\"https:\/\/www.lasseolsson.com\/sv\/\"},{\"@type\":\"ListItem\",\"position\":2,\"name\":\"Nyheter\"}]},{\"@type\":\"WebSite\",\"@id\":\"https:\/\/www.lasseolsson.com\/sv\/#website\",\"url\":\"https:\/\/www.lasseolsson.com\/sv\/\",\"name\":\"Lasse Olsson photo\",\"description\":\"Fotografererar inredning, arkitektur och belysning\",\"potentialAction\":[{\"@type\":\"SearchAction\",\"target\":{\"@type\":\"EntryPoint\",\"urlTemplate\":\"https:\/\/www.lasseolsson.com\/sv\/?s={search_term_string}\"},\"query-input\":{\"@type\":\"PropertyValueSpecification\",\"valueRequired\":true,\"valueName\":\"search_term_string\"}}],\"inLanguage\":\"sv-SE\"}]}<\/script>\n<!-- \/ Yoast SEO plugin. -->","yoast_head_json":{"title":"Lasse Olsson photo - Nyheter","robots":{"index":"index","follow":"follow","max-snippet":"max-snippet:-1","max-image-preview":"max-image-preview:large","max-video-preview":"max-video-preview:-1"},"canonical":"https:\/\/www.lasseolsson.com\/sv\/nyheter\/","og_locale":"sv_SE","og_type":"article","og_title":"Lasse Olsson photo - Nyheter","og_description":"H\u00e4r kan du l\u00e4sa mina nyhetsbrev eller visa f\u00f6r andra. Breven kommer ut 4-6 g\u00e5nger per \u00e5r och presenterar fotograferade projekt.","og_url":"https:\/\/www.lasseolsson.com\/sv\/nyheter\/","og_site_name":"Lasse Olsson photo","article_modified_time":"2021-09-26T13:25:25+00:00","twitter_card":"summary_large_image","schema":{"@context":"https:\/\/schema.org","@graph":[{"@type":"WebPage","@id":"https:\/\/www.lasseolsson.com\/sv\/nyheter\/","url":"https:\/\/www.lasseolsson.com\/sv\/nyheter\/","name":"Lasse Olsson photo - Nyheter","isPartOf":{"@id":"https:\/\/www.lasseolsson.com\/sv\/#website"},"datePublished":"2018-04-08T13:26:16+00:00","dateModified":"2021-09-26T13:25:25+00:00","breadcrumb":{"@id":"https:\/\/www.lasseolsson.com\/sv\/nyheter\/#breadcrumb"},"inLanguage":"sv-SE","potentialAction":[{"@type":"ReadAction","target":["https:\/\/www.lasseolsson.com\/sv\/nyheter\/"]}]},{"@type":"BreadcrumbList","@id":"https:\/\/www.lasseolsson.com\/sv\/nyheter\/#breadcrumb","itemListElement":[{"@type":"ListItem","position":1,"name":"Home","item":"https:\/\/www.lasseolsson.com\/sv\/"},{"@type":"ListItem","position":2,"name":"Nyheter"}]},{"@type":"WebSite","@id":"https:\/\/www.lasseolsson.com\/sv\/#website","url":"https:\/\/www.lasseolsson.com\/sv\/","name":"Lasse Olsson photo","description":"Fotografererar inredning, arkitektur och belysning","potentialAction":[{"@type":"SearchAction","target":{"@type":"EntryPoint","urlTemplate":"https:\/\/www.lasseolsson.com\/sv\/?s={search_term_string}"},"query-input":{"@type":"PropertyValueSpecification","valueRequired":true,"valueName":"search_term_string"}}],"inLanguage":"sv-SE"}]}},"_links":{"self":[{"href":"https:\/\/www.lasseolsson.com\/sv\/wp-json\/wp\/v2\/pages\/3614","targetHints":{"allow":["GET"]}}],"collection":[{"href":"https:\/\/www.lasseolsson.com\/sv\/wp-json\/wp\/v2\/pages"}],"about":[{"href":"https:\/\/www.lasseolsson.com\/sv\/wp-json\/wp\/v2\/types\/page"}],"author":[{"embeddable":true,"href":"https:\/\/www.lasseolsson.com\/sv\/wp-json\/wp\/v2\/users\/4"}],"replies":[{"embeddable":true,"href":"https:\/\/www.lasseolsson.com\/sv\/wp-json\/wp\/v2\/comments?post=3614"}],"version-history":[{"count":8,"href":"https:\/\/www.lasseolsson.com\/sv\/wp-json\/wp\/v2\/pages\/3614\/revisions"}],"predecessor-version":[{"id":4313,"href":"https:\/\/www.lasseolsson.com\/sv\/wp-json\/wp\/v2\/pages\/3614\/revisions\/4313"}],"wp:attachment":[{"href":"https:\/\/www.lasseolsson.com\/sv\/wp-json\/wp\/v2\/media?parent=3614"}],"curies":[{"name":"wp","href":"https:\/\/api.w.org\/{rel}","templated":true}]}}