{"id":10,"date":"2015-12-06T07:57:58","date_gmt":"2015-12-06T07:57:58","guid":{"rendered":"http:\/\/www.lasseolsson.com\/?page_id=10"},"modified":"2018-06-12T20:07:35","modified_gmt":"2018-06-12T18:07:35","slug":"contact","status":"publish","type":"page","link":"https:\/\/www.lasseolsson.com\/sv\/contact\/","title":{"rendered":"Kontakt"},"content":{"rendered":"<p>&nbsp;<\/p>\n<p><em>Om<\/em><strong><br \/>\n<\/strong>Lasse Olsson Photo fotograferar inredning, arkitektur och belysning.<br \/>\nGrunden \u00e4r mitt brinnande intresse f\u00f6r arkitektur, design och konst.<br \/>\nAllt finns p\u00e5 samma plats; byggnaden, rummet, objekten och ljuset.<br \/>\nF\u00f6r arkitekten \u00e4r det viktigt med rumslighet, gestaltning, material<br \/>\noch ljus. F\u00f6r tillverkare av inredning och belysning att deras<br \/>\nprodukter \u00e4r i fokus och framh\u00e4vs. Jag kan det jag fotograferar<br \/>\noch r\u00f6r mig fritt mellan rum och objekt.<\/p>\n<p>&nbsp;<\/p>\n<p><em>Utvalda projekt<\/em><strong><br \/>\n<\/strong>H\u00e4r p\u00e5 min hemsida visar jag n\u00e5gra utvalda projekt.<br \/>\nTill varje projekt finns det fler bilder. Hittar du n\u00e5got<br \/>\nsom f\u00e5ngar ditt intresse, s\u00e5 fr\u00e5ga mig g\u00e4rna efter mer.<\/p>\n<p>&nbsp;<\/p>\n<p><em>Prenumerera p\u00e5 arkivbilder<\/em><br \/>\nTillverkare av inredning och belysning kan prenumerera p\u00e5 mina arkivbilder.<br \/>\nJag har varit aktiv i inrednings och belysningsbranschen i \u00f6ver 25 \u00e5r.<br \/>\nJag kan ert sortiment, och k\u00e4nner igen era produkter.<br \/>\nSamt vet vad ni har f\u00f6r bilder och vad ni saknar.<br \/>\nN\u00e4r jag har fotograferat milj\u00f6er med era produkter, mailar jag er<br \/>\nerbjudande att k\u00f6pa bilderna. Anm\u00e4l intresse till mig och<br \/>\nber\u00e4tta g\u00e4rna vilka produkter och milj\u00f6er ni prioriterar.<\/p>\n<p>&nbsp;<\/p>\n<p>&nbsp;<\/p>\n<p>&nbsp;<\/p>\n<p>070 -857 61 95<br \/>\ncontact@lasseolsson.com<\/p>\n<p>&nbsp;<\/p>\n<p>Lasse Olsson Photo \u00a0 \u00a0Huvudfabriksgatan 2 \u00a0 \u00a0126 26 H\u00e4gersten \u00a0 \u00a0Stockholm \u00a0 \u00a0\u00a9 2016 Lasse Olsson<\/p>\n","protected":false},"excerpt":{"rendered":"<p>&nbsp; Om Lasse Olsson Photo fotograferar inredning, arkitektur och belysning. Grunden \u00e4r mitt brinnande intresse f\u00f6r arkitektur, design och konst. Allt finns p\u00e5 samma plats; byggnaden, rummet, objekten och ljuset. F\u00f6r arkitekten \u00e4r det viktigt med rumslighet, gestaltning, material och ljus. F\u00f6r tillverkare av inredning och belysning att deras produkter \u00e4r i fokus och framh\u00e4vs. [&hellip;]<\/p>\n","protected":false},"author":1,"featured_media":887,"parent":0,"menu_order":0,"comment_status":"closed","ping_status":"closed","template":"contact.php","meta":{"_acf_changed":false,"footnotes":""},"class_list":["post-10","page","type-page","status-publish","has-post-thumbnail","hentry"],"acf":[],"yoast_head":"<!-- This site is optimized with the Yoast SEO plugin v26.7 - https:\/\/yoast.com\/wordpress\/plugins\/seo\/ -->\n<title>Lasse Olsson photo - Kontakt<\/title>\n<meta name=\"robots\" content=\"index, follow, max-snippet:-1, max-image-preview:large, max-video-preview:-1\" \/>\n<link rel=\"canonical\" href=\"https:\/\/www.lasseolsson.com\/sv\/contact\/\" \/>\n<meta property=\"og:locale\" content=\"sv_SE\" \/>\n<meta property=\"og:type\" content=\"article\" \/>\n<meta property=\"og:title\" content=\"Lasse Olsson photo - Kontakt\" \/>\n<meta property=\"og:description\" content=\"&nbsp; Om Lasse Olsson Photo fotograferar inredning, arkitektur och belysning. Grunden \u00e4r mitt brinnande intresse f\u00f6r arkitektur, design och konst. Allt finns p\u00e5 samma plats; byggnaden, rummet, objekten och ljuset. F\u00f6r arkitekten \u00e4r det viktigt med rumslighet, gestaltning, material och ljus. F\u00f6r tillverkare av inredning och belysning att deras produkter \u00e4r i fokus och framh\u00e4vs. [&hellip;]\" \/>\n<meta property=\"og:url\" content=\"https:\/\/www.lasseolsson.com\/sv\/contact\/\" \/>\n<meta property=\"og:site_name\" content=\"Lasse Olsson photo\" \/>\n<meta property=\"article:modified_time\" content=\"2018-06-12T18:07:35+00:00\" \/>\n<meta property=\"og:image\" content=\"https:\/\/www.lasseolsson.com\/wp-content\/uploads\/2015\/12\/sdf-2.jpg\" \/>\n\t<meta property=\"og:image:width\" content=\"1171\" \/>\n\t<meta property=\"og:image:height\" content=\"1178\" \/>\n\t<meta property=\"og:image:type\" content=\"image\/jpeg\" \/>\n<meta name=\"twitter:card\" content=\"summary_large_image\" \/>\n<meta name=\"twitter:label1\" content=\"Ber\u00e4knad l\u00e4stid\" \/>\n\t<meta name=\"twitter:data1\" content=\"1 minut\" \/>\n<script type=\"application\/ld+json\" class=\"yoast-schema-graph\">{\"@context\":\"https:\/\/schema.org\",\"@graph\":[{\"@type\":\"WebPage\",\"@id\":\"https:\/\/www.lasseolsson.com\/sv\/contact\/\",\"url\":\"https:\/\/www.lasseolsson.com\/sv\/contact\/\",\"name\":\"Lasse Olsson photo - Kontakt\",\"isPartOf\":{\"@id\":\"https:\/\/www.lasseolsson.com\/sv\/#website\"},\"primaryImageOfPage\":{\"@id\":\"https:\/\/www.lasseolsson.com\/sv\/contact\/#primaryimage\"},\"image\":{\"@id\":\"https:\/\/www.lasseolsson.com\/sv\/contact\/#primaryimage\"},\"thumbnailUrl\":\"https:\/\/www.lasseolsson.com\/wp-content\/uploads\/2015\/12\/sdf-2.jpg\",\"datePublished\":\"2015-12-06T07:57:58+00:00\",\"dateModified\":\"2018-06-12T18:07:35+00:00\",\"breadcrumb\":{\"@id\":\"https:\/\/www.lasseolsson.com\/sv\/contact\/#breadcrumb\"},\"inLanguage\":\"sv-SE\",\"potentialAction\":[{\"@type\":\"ReadAction\",\"target\":[\"https:\/\/www.lasseolsson.com\/sv\/contact\/\"]}]},{\"@type\":\"ImageObject\",\"inLanguage\":\"sv-SE\",\"@id\":\"https:\/\/www.lasseolsson.com\/sv\/contact\/#primaryimage\",\"url\":\"https:\/\/www.lasseolsson.com\/wp-content\/uploads\/2015\/12\/sdf-2.jpg\",\"contentUrl\":\"https:\/\/www.lasseolsson.com\/wp-content\/uploads\/2015\/12\/sdf-2.jpg\",\"width\":1171,\"height\":1178,\"caption\":\"sdf-2\"},{\"@type\":\"BreadcrumbList\",\"@id\":\"https:\/\/www.lasseolsson.com\/sv\/contact\/#breadcrumb\",\"itemListElement\":[{\"@type\":\"ListItem\",\"position\":1,\"name\":\"Home\",\"item\":\"https:\/\/www.lasseolsson.com\/sv\/\"},{\"@type\":\"ListItem\",\"position\":2,\"name\":\"Kontakt\"}]},{\"@type\":\"WebSite\",\"@id\":\"https:\/\/www.lasseolsson.com\/sv\/#website\",\"url\":\"https:\/\/www.lasseolsson.com\/sv\/\",\"name\":\"Lasse Olsson photo\",\"description\":\"Fotografererar inredning, arkitektur och belysning\",\"potentialAction\":[{\"@type\":\"SearchAction\",\"target\":{\"@type\":\"EntryPoint\",\"urlTemplate\":\"https:\/\/www.lasseolsson.com\/sv\/?s={search_term_string}\"},\"query-input\":{\"@type\":\"PropertyValueSpecification\",\"valueRequired\":true,\"valueName\":\"search_term_string\"}}],\"inLanguage\":\"sv-SE\"}]}<\/script>\n<!-- \/ Yoast SEO plugin. -->","yoast_head_json":{"title":"Lasse Olsson photo - Kontakt","robots":{"index":"index","follow":"follow","max-snippet":"max-snippet:-1","max-image-preview":"max-image-preview:large","max-video-preview":"max-video-preview:-1"},"canonical":"https:\/\/www.lasseolsson.com\/sv\/contact\/","og_locale":"sv_SE","og_type":"article","og_title":"Lasse Olsson photo - Kontakt","og_description":"&nbsp; Om Lasse Olsson Photo fotograferar inredning, arkitektur och belysning. Grunden \u00e4r mitt brinnande intresse f\u00f6r arkitektur, design och konst. Allt finns p\u00e5 samma plats; byggnaden, rummet, objekten och ljuset. F\u00f6r arkitekten \u00e4r det viktigt med rumslighet, gestaltning, material och ljus. F\u00f6r tillverkare av inredning och belysning att deras produkter \u00e4r i fokus och framh\u00e4vs. [&hellip;]","og_url":"https:\/\/www.lasseolsson.com\/sv\/contact\/","og_site_name":"Lasse Olsson photo","article_modified_time":"2018-06-12T18:07:35+00:00","og_image":[{"width":1171,"height":1178,"url":"https:\/\/www.lasseolsson.com\/wp-content\/uploads\/2015\/12\/sdf-2.jpg","type":"image\/jpeg"}],"twitter_card":"summary_large_image","twitter_misc":{"Ber\u00e4knad l\u00e4stid":"1 minut"},"schema":{"@context":"https:\/\/schema.org","@graph":[{"@type":"WebPage","@id":"https:\/\/www.lasseolsson.com\/sv\/contact\/","url":"https:\/\/www.lasseolsson.com\/sv\/contact\/","name":"Lasse Olsson photo - Kontakt","isPartOf":{"@id":"https:\/\/www.lasseolsson.com\/sv\/#website"},"primaryImageOfPage":{"@id":"https:\/\/www.lasseolsson.com\/sv\/contact\/#primaryimage"},"image":{"@id":"https:\/\/www.lasseolsson.com\/sv\/contact\/#primaryimage"},"thumbnailUrl":"https:\/\/www.lasseolsson.com\/wp-content\/uploads\/2015\/12\/sdf-2.jpg","datePublished":"2015-12-06T07:57:58+00:00","dateModified":"2018-06-12T18:07:35+00:00","breadcrumb":{"@id":"https:\/\/www.lasseolsson.com\/sv\/contact\/#breadcrumb"},"inLanguage":"sv-SE","potentialAction":[{"@type":"ReadAction","target":["https:\/\/www.lasseolsson.com\/sv\/contact\/"]}]},{"@type":"ImageObject","inLanguage":"sv-SE","@id":"https:\/\/www.lasseolsson.com\/sv\/contact\/#primaryimage","url":"https:\/\/www.lasseolsson.com\/wp-content\/uploads\/2015\/12\/sdf-2.jpg","contentUrl":"https:\/\/www.lasseolsson.com\/wp-content\/uploads\/2015\/12\/sdf-2.jpg","width":1171,"height":1178,"caption":"sdf-2"},{"@type":"BreadcrumbList","@id":"https:\/\/www.lasseolsson.com\/sv\/contact\/#breadcrumb","itemListElement":[{"@type":"ListItem","position":1,"name":"Home","item":"https:\/\/www.lasseolsson.com\/sv\/"},{"@type":"ListItem","position":2,"name":"Kontakt"}]},{"@type":"WebSite","@id":"https:\/\/www.lasseolsson.com\/sv\/#website","url":"https:\/\/www.lasseolsson.com\/sv\/","name":"Lasse Olsson photo","description":"Fotografererar inredning, arkitektur och belysning","potentialAction":[{"@type":"SearchAction","target":{"@type":"EntryPoint","urlTemplate":"https:\/\/www.lasseolsson.com\/sv\/?s={search_term_string}"},"query-input":{"@type":"PropertyValueSpecification","valueRequired":true,"valueName":"search_term_string"}}],"inLanguage":"sv-SE"}]}},"_links":{"self":[{"href":"https:\/\/www.lasseolsson.com\/sv\/wp-json\/wp\/v2\/pages\/10","targetHints":{"allow":["GET"]}}],"collection":[{"href":"https:\/\/www.lasseolsson.com\/sv\/wp-json\/wp\/v2\/pages"}],"about":[{"href":"https:\/\/www.lasseolsson.com\/sv\/wp-json\/wp\/v2\/types\/page"}],"author":[{"embeddable":true,"href":"https:\/\/www.lasseolsson.com\/sv\/wp-json\/wp\/v2\/users\/1"}],"replies":[{"embeddable":true,"href":"https:\/\/www.lasseolsson.com\/sv\/wp-json\/wp\/v2\/comments?post=10"}],"version-history":[{"count":109,"href":"https:\/\/www.lasseolsson.com\/sv\/wp-json\/wp\/v2\/pages\/10\/revisions"}],"predecessor-version":[{"id":3766,"href":"https:\/\/www.lasseolsson.com\/sv\/wp-json\/wp\/v2\/pages\/10\/revisions\/3766"}],"wp:featuredmedia":[{"embeddable":true,"href":"https:\/\/www.lasseolsson.com\/sv\/wp-json\/wp\/v2\/media\/887"}],"wp:attachment":[{"href":"https:\/\/www.lasseolsson.com\/sv\/wp-json\/wp\/v2\/media?parent=10"}],"curies":[{"name":"wp","href":"https:\/\/api.w.org\/{rel}","templated":true}]}}